{"id":125,"date":"2022-11-24T03:33:52","date_gmt":"2022-11-24T03:33:52","guid":{"rendered":"https:\/\/smart-sun.net\/es\/?page_id=125"},"modified":"2023-01-16T18:10:39","modified_gmt":"2023-01-16T18:10:39","slug":"acerca-de-smart-sun","status":"publish","type":"page","link":"https:\/\/smart-sun.net\/es\/index.php\/acerca-de-smart-sun\/","title":{"rendered":"Acerca de Smart-Sun"},"content":{"rendered":"\n<p>Smart-Sun utiliza un algoritmo creado con t\u00e9cnicas de ciencia de datos, machine learning y m\u00e1s de 12 a\u00f1os de experiencia en instalaciones de sistemas solares fotovoltaicos para convertir datos en informaci\u00f3n y conocimientos \u00fatiles para instaladores y propietarios de sistemas fotovoltaicos. Cuanto mejor se comprenda el rendimiento de un sistema fotovoltaico, mejor se puede obtener la producci\u00f3n de energ\u00eda, mientras que los beneficios para todas las partes aumentan exponencialmente: propietarios, instaladores y el planeta.<\/p>\n\n\n\n<h2 class=\"has-text-color wp-block-heading\" style=\"color:#0f1625\">Contacta con nosotros:<\/h2>\n\n\n\n<p>E-mail: <a href=\"mailto:contact@smart-sun.net\">contact@smart-sun.net<\/a><\/p>\n\n\n\n<h2 class=\"wp-block-heading\">Direcci\u00f3n Corporativa<\/h2>\n\n\n\n<p>Smart-Sun LLC<br>8 The Green, Suite A.<br> Dover, Delaware 19901<\/p>\n\n\n\n<p>Smart-Sun LLC es una compa\u00f1\u00eda de responsabilidad limitada  seg\u00fan las leyes de Delaware &#8211; Expediente n.\u00ba 7074050<\/p>\n\n\n\n<!-- Google tag (gtag.js) -->\n<script async=\"\" src=\"https:\/\/www.googletagmanager.com\/gtag\/js?id=G-B6SD1BS36P\"><\/script>\n<script>\n  window.dataLayer = window.dataLayer || [];\n  function gtag(){dataLayer.push(arguments);}\n  gtag('js', new Date());\n\n  gtag('config', 'G-B6SD1BS36P');\n<\/script>\n","protected":false},"excerpt":{"rendered":"<p>Smart-Sun utiliza un algoritmo creado con t\u00e9cnicas de ciencia de datos, machine learning y m\u00e1s de 12 a\u00f1os de experiencia en instalaciones de sistemas solares fotovoltaicos para convertir datos en informaci\u00f3n y conocimientos \u00fatiles para instaladores y propietarios de sistemas fotovoltaicos. Cuanto mejor se comprenda el rendimiento de un sistema fotovoltaico, mejor se puede obtener [&hellip;]<\/p>\n","protected":false},"author":1,"featured_media":0,"parent":0,"menu_order":0,"comment_status":"closed","ping_status":"closed","template":"","meta":{"footnotes":""},"class_list":["post-125","page","type-page","status-publish","hentry"],"_links":{"self":[{"href":"https:\/\/smart-sun.net\/es\/index.php\/wp-json\/wp\/v2\/pages\/125","targetHints":{"allow":["GET"]}}],"collection":[{"href":"https:\/\/smart-sun.net\/es\/index.php\/wp-json\/wp\/v2\/pages"}],"about":[{"href":"https:\/\/smart-sun.net\/es\/index.php\/wp-json\/wp\/v2\/types\/page"}],"author":[{"embeddable":true,"href":"https:\/\/smart-sun.net\/es\/index.php\/wp-json\/wp\/v2\/users\/1"}],"replies":[{"embeddable":true,"href":"https:\/\/smart-sun.net\/es\/index.php\/wp-json\/wp\/v2\/comments?post=125"}],"version-history":[{"count":7,"href":"https:\/\/smart-sun.net\/es\/index.php\/wp-json\/wp\/v2\/pages\/125\/revisions"}],"predecessor-version":[{"id":318,"href":"https:\/\/smart-sun.net\/es\/index.php\/wp-json\/wp\/v2\/pages\/125\/revisions\/318"}],"wp:attachment":[{"href":"https:\/\/smart-sun.net\/es\/index.php\/wp-json\/wp\/v2\/media?parent=125"}],"curies":[{"name":"wp","href":"https:\/\/api.w.org\/{rel}","templated":true}]}}