{"id":124,"date":"2022-11-24T03:33:52","date_gmt":"2022-11-24T03:33:52","guid":{"rendered":"https:\/\/smart-sun.net\/es\/?page_id=124"},"modified":"2023-06-28T14:42:55","modified_gmt":"2023-06-28T14:42:55","slug":"inversores","status":"publish","type":"page","link":"https:\/\/smart-sun.net\/es\/index.php\/inversores\/","title":{"rendered":"Marcas de inversores compatibles"},"content":{"rendered":"\n<p class=\"has-text-color\" style=\"color:#0f1625\">Trabajamos continuamente para incluir tantas marcas de inversores y registradores de datos como sea posible. Cuando incluimos una nueva marca, nos aseguramos de que todos los datos est\u00e9n seguros y se procesen correctamente. Las siguientes marcas ya est\u00e1n disponibles para la recopilaci\u00f3n y el an\u00e1lisis de datos:<\/p>\n\n\n\n<ul class=\"has-text-color wp-block-list\" style=\"color:#0f1625\">\n<li>Fronius<\/li>\n\n\n\n<li>Enphase<\/li>\n\n\n\n<li>Huawei<\/li>\n\n\n\n<li>Solis <\/li>\n\n\n\n<li>Growatt<\/li>\n<\/ul>\n\n\n\n<ul class=\"has-text-color wp-block-list\" style=\"color:#0f1625\">\n<li>SMA<\/li>\n\n\n\n<li>ABB Inverters<\/li>\n\n\n\n<li>Hoymiles<\/li>\n\n\n\n<li>GoodWe<\/li>\n\n\n\n<li>Sungrow<\/li>\n\n\n\n<li>APsystems<\/li>\n\n\n\n<li>SolarEdge<\/li>\n<\/ul>\n\n\n\n<div class=\"wp-block-buttons is-content-justification-center is-layout-flex wp-container-core-buttons-is-layout-16018d1d wp-block-buttons-is-layout-flex\">\n<div class=\"wp-block-button is-style-fill\"><a class=\"wp-block-button__link has-background wp-element-button\" href=\"https:\/\/smart-sun.net\/es\/index.php\/como-funciona\/\" style=\"border-radius:26px;background-color:#c64257\">C\u00f3mo funciona<\/a><\/div>\n<\/div>\n\n\n\n<!-- Google tag (gtag.js) -->\n<script async=\"\" src=\"https:\/\/www.googletagmanager.com\/gtag\/js?id=G-B6SD1BS36P\"><\/script>\n<script>\n  window.dataLayer = window.dataLayer || [];\n  function gtag(){dataLayer.push(arguments);}\n  gtag('js', new Date());\n\n  gtag('config', 'G-B6SD1BS36P');\n<\/script>\n","protected":false},"excerpt":{"rendered":"<p>Trabajamos continuamente para incluir tantas marcas de inversores y registradores de datos como sea posible. Cuando incluimos una nueva marca, nos aseguramos de que todos los datos est\u00e9n seguros y se procesen correctamente. Las siguientes marcas ya est\u00e1n disponibles para la recopilaci\u00f3n y el an\u00e1lisis de datos:<\/p>\n","protected":false},"author":1,"featured_media":0,"parent":0,"menu_order":0,"comment_status":"closed","ping_status":"closed","template":"","meta":{"footnotes":""},"class_list":["post-124","page","type-page","status-publish","hentry"],"_links":{"self":[{"href":"https:\/\/smart-sun.net\/es\/index.php\/wp-json\/wp\/v2\/pages\/124","targetHints":{"allow":["GET"]}}],"collection":[{"href":"https:\/\/smart-sun.net\/es\/index.php\/wp-json\/wp\/v2\/pages"}],"about":[{"href":"https:\/\/smart-sun.net\/es\/index.php\/wp-json\/wp\/v2\/types\/page"}],"author":[{"embeddable":true,"href":"https:\/\/smart-sun.net\/es\/index.php\/wp-json\/wp\/v2\/users\/1"}],"replies":[{"embeddable":true,"href":"https:\/\/smart-sun.net\/es\/index.php\/wp-json\/wp\/v2\/comments?post=124"}],"version-history":[{"count":11,"href":"https:\/\/smart-sun.net\/es\/index.php\/wp-json\/wp\/v2\/pages\/124\/revisions"}],"predecessor-version":[{"id":422,"href":"https:\/\/smart-sun.net\/es\/index.php\/wp-json\/wp\/v2\/pages\/124\/revisions\/422"}],"wp:attachment":[{"href":"https:\/\/smart-sun.net\/es\/index.php\/wp-json\/wp\/v2\/media?parent=124"}],"curies":[{"name":"wp","href":"https:\/\/api.w.org\/{rel}","templated":true}]}}