{"id":116,"date":"2022-11-24T03:23:44","date_gmt":"2022-11-24T03:23:44","guid":{"rendered":"https:\/\/smart-sun.net\/es\/?page_id=116"},"modified":"2022-11-24T14:59:57","modified_gmt":"2022-11-24T14:59:57","slug":"descubra-mas","status":"publish","type":"page","link":"https:\/\/smart-sun.net\/es\/index.php\/descubra-mas\/","title":{"rendered":"Descubra M\u00e1s"},"content":{"rendered":"\n<h3 class=\"wp-block-heading\">\u00bf Cu\u00e1l es la diferencia con el monitoreo de las marcas de inversores?<\/h3>\n\n\n\n<p>Smart-Sun WebApp hace posible lo que el monitoreo regular no hace. Analiza por usted el rendimiento de sus sistemas instalados. Por lo tanto, puede utilizar esta informaci\u00f3n para mantener excelentes relaciones con sus clientes y ayudar a aumentar las ventas.<\/p>\n\n\n\n<h3 class=\"wp-block-heading\">\u00bfC\u00f3mo se obtienen los datos?<\/h3>\n\n\n\n<p>Es un proceso bastante simple y autom\u00e1tico. Puede elegir la marca del Inversor o MicroInversores y proporcionar una autorizaci\u00f3n para acceder a los datos y nosotros nos encargaremos del resto. Puede configurar un nuevo sistema fotovoltaico de un cliente en cuesti\u00f3n de 3 minutos. <a href=\"https:\/\/smart-sun.net\/es\/index.php\/como-funciona\/\" data-type=\"URL\" data-id=\"https:\/\/smart-sun.net\/es\/index.php\/como-funciona\/\">Ver el proceso<\/a>.<\/p>\n\n\n\n<h3 class=\"wp-block-heading\">\u00bfC\u00f3mo la hacemos?<\/h3>\n\n\n\n<p>Usamos estrategias de ciencia de datos y machine learning para obtener informaci\u00f3n valiosa de los datos que muestra el monitoreo solar. De esta manera, puede cuidar el rendimiento de los sistemas fotovoltaicos de sus clientes de forma autom\u00e1tica y sin esfuerzo. Se tienen en cuenta hasta 20 variables para calificar el rendimiento de un sistema fotovoltaico, como la orientaci\u00f3n, el \u00e1ngulo de inclinaci\u00f3n, la \u00e9poca del a\u00f1o, entre muchas otras.<\/p>\n\n\n\n<h3 class=\"wp-block-heading\">\u00bfPor qu\u00e9 lo hacemos?<\/h3>\n\n\n\n<p>\u00a1Queremos ayudar! Entendemos la lucha y el esfuerzo necesarios para cerrar un acuerdo solar. Adem\u00e1s, las ofertas solares tienden a ser una venta \u00daNICA. Sin embargo, se ha demostrado que los clientes leales que siguen comprando productos y servicios tienden a dar m\u00e1s referencias, gastan m\u00e1s y est\u00e1n abiertos a comprar otras categor\u00edas de productos.<\/p>\n\n\n\n<p>Piense en esto. \u00bfCu\u00e1nto ganar\u00eda hoy si TODOS sus clientes le pagaran una visita proactiva de servicio\/mantenimiento?<\/p>\n\n\n\n<h3 class=\"wp-block-heading\">\u00bfQu\u00e9 marcas de inversores se pueden analizar?<\/h3>\n\n\n\n<p>Cubrimos las marcas m\u00e1s comerciales de inversores. Consulta qu\u00e9 marcas ya est\u00e1n disponibles para integrar en nuestra secci\u00f3n de <a href=\"https:\/\/smart-sun.net\/es\/index.php\/inversores\/\" data-type=\"URL\" data-id=\"https:\/\/smart-sun.net\/es\/index.php\/inversores\/\">inversores<\/a>.<\/p>\n\n\n\n<h3 class=\"wp-block-heading\">\u00bfC\u00f3mo me inscribo?<\/h3>\n\n\n\n<p>Suscribirse es un proceso bastante simple que toma alrededor de 2 minutos. Solo necesita crear una cuenta con su email y una contrase\u00f1a. Pode utilizar el servicio de forma gratuita por tiempo indefinido para 1 Inversor central o SIstema de MicroInversores. <a href=\"https:\/\/smart-sun.net\/es\/index.php\/como-funciona\/\" data-type=\"URL\" data-id=\"https:\/\/smart-sun.net\/es\/index.php\/como-funciona\/\">Vea c\u00f3mo funciona<\/a>.<\/p>\n\n\n\n<h3 class=\"wp-block-heading\">\u00bfC\u00f3mo se manejan los datos?<\/h3>\n\n\n\n<p>Todos los datos se cifran y guardan de forma segura mediante las tecnolog\u00edas de Oracle Cloud. Todos los datos analizados son propiedad del propietario fotovoltaico y del instalador solar. Smart-Sun proporciona la tecnolog\u00eda a trav\u00e9s de procedimientos de ciencia de datos para procesarla y obtener el conocimiento que el instalador solar y sus clientes necesitan para mantener sus sistemas fotovoltaicos funcionando con el mayor rendimiento posible. Encuentre m\u00e1s informaci\u00f3n en nuestra secci\u00f3n de <a href=\"https:\/\/smart-sun.net\/index.php\/privacy-policy-2\/\" data-type=\"URL\" data-id=\"https:\/\/smart-sun.net\/index.php\/privacy-policy-2\/\">Pol\u00edtica de Privacidad<\/a>.<\/p>\n\n\n\n<h3 class=\"wp-block-heading\">\u00bfTiene m\u00e1s preguntas?<\/h3>\n\n\n\n<p> Por favor escr\u00edbanos a <a href=\"mailto:contact@smart-sun.net\">contact@smart-sun.net<\/a><\/p>\n\n\n\n<p>&#8211;<\/p>\n\n\n\n<div class=\"wp-block-buttons is-content-justification-center is-layout-flex wp-container-core-buttons-is-layout-16018d1d wp-block-buttons-is-layout-flex\">\n<div class=\"wp-block-button is-style-fill\"><a class=\"wp-block-button__link has-background wp-element-button\" href=\"https:\/\/smart-ui.net\/register\/4\/\" style=\"border-radius:10px;background-color:#3b7ab4\">Comience Ahora<\/a><\/div>\n<\/div>\n","protected":false},"excerpt":{"rendered":"<p>\u00bf Cu\u00e1l es la diferencia con el monitoreo de las marcas de inversores? Smart-Sun WebApp hace posible lo que el monitoreo regular no hace. Analiza por usted el rendimiento de sus sistemas instalados. Por lo tanto, puede utilizar esta informaci\u00f3n para mantener excelentes relaciones con sus clientes y ayudar a aumentar las ventas. \u00bfC\u00f3mo se [&hellip;]<\/p>\n","protected":false},"author":1,"featured_media":0,"parent":0,"menu_order":0,"comment_status":"closed","ping_status":"closed","template":"","meta":{"footnotes":""},"class_list":["post-116","page","type-page","status-publish","hentry"],"_links":{"self":[{"href":"https:\/\/smart-sun.net\/es\/index.php\/wp-json\/wp\/v2\/pages\/116","targetHints":{"allow":["GET"]}}],"collection":[{"href":"https:\/\/smart-sun.net\/es\/index.php\/wp-json\/wp\/v2\/pages"}],"about":[{"href":"https:\/\/smart-sun.net\/es\/index.php\/wp-json\/wp\/v2\/types\/page"}],"author":[{"embeddable":true,"href":"https:\/\/smart-sun.net\/es\/index.php\/wp-json\/wp\/v2\/users\/1"}],"replies":[{"embeddable":true,"href":"https:\/\/smart-sun.net\/es\/index.php\/wp-json\/wp\/v2\/comments?post=116"}],"version-history":[{"count":7,"href":"https:\/\/smart-sun.net\/es\/index.php\/wp-json\/wp\/v2\/pages\/116\/revisions"}],"predecessor-version":[{"id":197,"href":"https:\/\/smart-sun.net\/es\/index.php\/wp-json\/wp\/v2\/pages\/116\/revisions\/197"}],"wp:attachment":[{"href":"https:\/\/smart-sun.net\/es\/index.php\/wp-json\/wp\/v2\/media?parent=116"}],"curies":[{"name":"wp","href":"https:\/\/api.w.org\/{rel}","templated":true}]}}