{"id":115,"date":"2022-11-24T03:23:44","date_gmt":"2022-11-24T03:23:44","guid":{"rendered":"https:\/\/smart-sun.net\/es\/?page_id=115"},"modified":"2024-04-17T00:17:15","modified_gmt":"2024-04-17T00:17:15","slug":"como-funciona","status":"publish","type":"page","link":"https:\/\/smart-sun.net\/es\/index.php\/como-funciona\/","title":{"rendered":"C\u00f3mo Funciona"},"content":{"rendered":"\n<p>Smart-Sun recopila los datos de sus sistemas de monitoreo cada hora, para todos sus <a href=\"https:\/\/smart-sun.net\/es\/index.php\/inversores\/\" data-type=\"URL\" data-id=\"https:\/\/smart-sun.net\/es\/index.php\/inversores\/\">inversores<\/a> y los analiza de manera autom\u00e1tica. Despu\u00e9s del procesamiento de datos, la informaci\u00f3n relevante se organiza y presenta para que pueda tomar las mejores decisiones para su Negocio y Clientes. Con ello, la plataforma le permite <strong>identificar en segundos<\/strong> aquellos sistemas que se beneficiar\u00edan de un servicio de mantenimiento, para que pueda <strong>ofrecer a sus clientes<\/strong> una P\u00f3liza o Servicio de Mantenimiento Proactivo, anticip\u00e1ndose a un recibo de electricidad alto. De esta manera, <strong>impacta positivamente<\/strong> a sus clientes, sus ahorros y al mismo tiempo la rentabilidad de su negocio. Mantenga una comunicaci\u00f3n transparente con los clientes, inform\u00e1ndolos de manera recurrente y autom\u00e1tica sobre la generaci\u00f3n del sistema y los beneficios de haber adoptado solar.<\/p>\n\n\n\n<p class=\"has-large-font-size\" style=\"font-style:normal;font-weight:700\">\u00bfQu\u00e9 puedo esperar?<\/p>\n\n\n\n<p>Al realizar su suscripci\u00f3n a esta herramienta, se le asignar\u00e1 un Representante de Smart-Sun que se pondr\u00e1 en contacto para ofrecer el Servicio de OnBoarding &amp; KickOff. Este servicio consta de una gu\u00eda personalizada a trav\u00e9s de sesiones de Zoom, para apoyar en todos los procesos necesarios para que Smart-Sun comience su operaci\u00f3n:<\/p>\n\n\n\n<ul class=\"wp-block-list\">\n<li>Obtenci\u00f3n de credenciales API<\/li>\n\n\n\n<li>Alta de sistemas FV y sus especificaciones<\/li>\n\n\n\n<li>Funcionalidades incluidas en su plan contratado<\/li>\n\n\n\n<li>Actualizaci\u00f3n y Modificaci\u00f3n de datos de plantas y clientes<\/li>\n\n\n\n<li>Personalizaci\u00f3n de Reportes (si aplica)<\/li>\n<\/ul>\n\n\n\n<p>El representante asignado dar\u00e1 seguimiento continuo al uso y funcionamiento de la plataforma, asegurando que su experiencia sea \u00f3ptima, as\u00ed como los resultados.<\/p>\n\n\n\n<p>Inscribirse y Suscribirse le llevar\u00e1 unos 2 minutos. Conectar cada uno de sus sistemas fotovoltaicos a Smart-Sun tarda unos 3 minutos en completarse. Solo tiene que hacerlo una vez y Smart-Sun lo mantendr\u00e1 a la mano para usted.<\/p>\n\n\n\n<h2 class=\"wp-block-heading\">Crea una cuenta y Comienza Gratis<\/h2>\n\n\n\n<p>1. <a href=\"https:\/\/smart-sun.net\/es\/#precios\" data-type=\"URL\" data-id=\"https:\/\/smart-sun.net\/es\/#precios\">Elija un Plan<\/a> o <a href=\"https:\/\/smart-ui.net\/register\/7\/\" data-type=\"URL\" data-id=\"https:\/\/smart-ui.net\/register\/4\/\">Reg\u00edstrese<\/a> con su correo electr\u00f3nico y una contrase\u00f1a.<\/p>\n\n\n\n<figure class=\"wp-block-image size-full is-resized\"><img loading=\"lazy\" decoding=\"async\" width=\"2070\" height=\"1626\" src=\"https:\/\/smart-sun.net\/es\/wp-content\/uploads\/2024\/04\/Image-16-04-24-at-5.41\u202fp.m.jpeg\" alt=\"\" class=\"wp-image-439\" style=\"width:612px;height:auto\" srcset=\"https:\/\/smart-sun.net\/es\/wp-content\/uploads\/2024\/04\/Image-16-04-24-at-5.41\u202fp.m.jpeg 2070w, https:\/\/smart-sun.net\/es\/wp-content\/uploads\/2024\/04\/Image-16-04-24-at-5.41\u202fp.m-300x236.jpeg 300w, https:\/\/smart-sun.net\/es\/wp-content\/uploads\/2024\/04\/Image-16-04-24-at-5.41\u202fp.m-1024x804.jpeg 1024w, https:\/\/smart-sun.net\/es\/wp-content\/uploads\/2024\/04\/Image-16-04-24-at-5.41\u202fp.m-768x603.jpeg 768w, https:\/\/smart-sun.net\/es\/wp-content\/uploads\/2024\/04\/Image-16-04-24-at-5.41\u202fp.m-1536x1207.jpeg 1536w, https:\/\/smart-sun.net\/es\/wp-content\/uploads\/2024\/04\/Image-16-04-24-at-5.41\u202fp.m-2048x1609.jpeg 2048w\" sizes=\"auto, (max-width: 2070px) 100vw, 2070px\" \/><\/figure>\n\n\n\n<p>2. \u00a1Est\u00e1 listo para empezar!<\/p>\n\n\n\n<h2 class=\"wp-block-heading\">Vincule un sistema fotovoltaico a Smart-Sun<\/h2>\n\n\n\n<p>1. Agregue su informaci\u00f3n como instalador. Una vez completado, puede comenzar a agregar credenciales API de sus marcas de inversores instaladas y vincular sus sistemas fotovoltaicos a Smart-Sun.<\/p>\n\n\n\n<figure class=\"wp-block-image size-full is-resized\"><img loading=\"lazy\" decoding=\"async\" width=\"1684\" height=\"1138\" src=\"https:\/\/smart-sun.net\/es\/wp-content\/uploads\/2024\/04\/Image-16-04-24-at-5.44\u202fp.m.jpeg\" alt=\"\" class=\"wp-image-440\" style=\"width:608px;height:auto\" srcset=\"https:\/\/smart-sun.net\/es\/wp-content\/uploads\/2024\/04\/Image-16-04-24-at-5.44\u202fp.m.jpeg 1684w, https:\/\/smart-sun.net\/es\/wp-content\/uploads\/2024\/04\/Image-16-04-24-at-5.44\u202fp.m-300x203.jpeg 300w, https:\/\/smart-sun.net\/es\/wp-content\/uploads\/2024\/04\/Image-16-04-24-at-5.44\u202fp.m-1024x692.jpeg 1024w, https:\/\/smart-sun.net\/es\/wp-content\/uploads\/2024\/04\/Image-16-04-24-at-5.44\u202fp.m-768x519.jpeg 768w, https:\/\/smart-sun.net\/es\/wp-content\/uploads\/2024\/04\/Image-16-04-24-at-5.44\u202fp.m-1536x1038.jpeg 1536w\" sizes=\"auto, (max-width: 1684px) 100vw, 1684px\" \/><\/figure>\n\n\n\n<p>2. Ingrese en el bot\u00f3n \u00abAdd Brand\u00bb y comience el proceso de obtenci\u00f3n de APIs indicado para cada marca de inversor deseada. Una vez completados los procesos y agregadas las credenciales, Smart-Sun recopilar\u00e1 autom\u00e1ticamente la informaci\u00f3n b\u00e1sica de los sistemas.<\/p>\n\n\n\n<figure class=\"wp-block-image size-full is-resized\"><img loading=\"lazy\" decoding=\"async\" width=\"2092\" height=\"1284\" src=\"https:\/\/smart-sun.net\/es\/wp-content\/uploads\/2024\/04\/Image-16-04-24-at-5.58\u202fp.m.jpeg\" alt=\"\" class=\"wp-image-441\" style=\"width:606px;height:auto\" srcset=\"https:\/\/smart-sun.net\/es\/wp-content\/uploads\/2024\/04\/Image-16-04-24-at-5.58\u202fp.m.jpeg 2092w, https:\/\/smart-sun.net\/es\/wp-content\/uploads\/2024\/04\/Image-16-04-24-at-5.58\u202fp.m-300x184.jpeg 300w, https:\/\/smart-sun.net\/es\/wp-content\/uploads\/2024\/04\/Image-16-04-24-at-5.58\u202fp.m-1024x628.jpeg 1024w, https:\/\/smart-sun.net\/es\/wp-content\/uploads\/2024\/04\/Image-16-04-24-at-5.58\u202fp.m-768x471.jpeg 768w, https:\/\/smart-sun.net\/es\/wp-content\/uploads\/2024\/04\/Image-16-04-24-at-5.58\u202fp.m-1536x943.jpeg 1536w, https:\/\/smart-sun.net\/es\/wp-content\/uploads\/2024\/04\/Image-16-04-24-at-5.58\u202fp.m-2048x1257.jpeg 2048w\" sizes=\"auto, (max-width: 2092px) 100vw, 2092px\" \/><\/figure>\n\n\n\n<p>3. Complete la informaci\u00f3n de cada sistema FV y sus inversores como: Azimut, inclinaci\u00f3n, ubicaci\u00f3n entre otros.<\/p>\n\n\n\n<figure class=\"wp-block-image size-full is-resized\"><img loading=\"lazy\" decoding=\"async\" width=\"2560\" height=\"1454\" src=\"https:\/\/smart-sun.net\/es\/wp-content\/uploads\/2024\/04\/Image-16-04-24-at-6.08\u202fp.m-1-scaled.jpeg\" alt=\"\" class=\"wp-image-443\" style=\"width:604px;height:auto\" srcset=\"https:\/\/smart-sun.net\/es\/wp-content\/uploads\/2024\/04\/Image-16-04-24-at-6.08\u202fp.m-1-scaled.jpeg 2560w, https:\/\/smart-sun.net\/es\/wp-content\/uploads\/2024\/04\/Image-16-04-24-at-6.08\u202fp.m-1-300x170.jpeg 300w, https:\/\/smart-sun.net\/es\/wp-content\/uploads\/2024\/04\/Image-16-04-24-at-6.08\u202fp.m-1-1024x582.jpeg 1024w, https:\/\/smart-sun.net\/es\/wp-content\/uploads\/2024\/04\/Image-16-04-24-at-6.08\u202fp.m-1-768x436.jpeg 768w, https:\/\/smart-sun.net\/es\/wp-content\/uploads\/2024\/04\/Image-16-04-24-at-6.08\u202fp.m-1-1536x873.jpeg 1536w, https:\/\/smart-sun.net\/es\/wp-content\/uploads\/2024\/04\/Image-16-04-24-at-6.08\u202fp.m-1-2048x1164.jpeg 2048w\" sizes=\"auto, (max-width: 2560px) 100vw, 2560px\" \/><\/figure>\n\n\n\n<p>3. \u00a1Hecho! Deje que Smart-Sun se encargue y vigile el rendimiento fotovoltaico.<\/p>\n\n\n\n<figure class=\"wp-block-image size-full is-resized\"><img loading=\"lazy\" decoding=\"async\" width=\"2390\" height=\"1550\" src=\"https:\/\/smart-sun.net\/es\/wp-content\/uploads\/2024\/04\/Screenshot-2024-04-16-at-6.13.24\u202fp.m.png\" alt=\"\" class=\"wp-image-444\" style=\"width:612px;height:auto\" srcset=\"https:\/\/smart-sun.net\/es\/wp-content\/uploads\/2024\/04\/Screenshot-2024-04-16-at-6.13.24\u202fp.m.png 2390w, https:\/\/smart-sun.net\/es\/wp-content\/uploads\/2024\/04\/Screenshot-2024-04-16-at-6.13.24\u202fp.m-300x195.png 300w, https:\/\/smart-sun.net\/es\/wp-content\/uploads\/2024\/04\/Screenshot-2024-04-16-at-6.13.24\u202fp.m-1024x664.png 1024w, https:\/\/smart-sun.net\/es\/wp-content\/uploads\/2024\/04\/Screenshot-2024-04-16-at-6.13.24\u202fp.m-768x498.png 768w, https:\/\/smart-sun.net\/es\/wp-content\/uploads\/2024\/04\/Screenshot-2024-04-16-at-6.13.24\u202fp.m-1536x996.png 1536w, https:\/\/smart-sun.net\/es\/wp-content\/uploads\/2024\/04\/Screenshot-2024-04-16-at-6.13.24\u202fp.m-2048x1328.png 2048w\" sizes=\"auto, (max-width: 2390px) 100vw, 2390px\" \/><\/figure>\n\n\n\n<h2 class=\"wp-block-heading\">Proceso de pago PayPal*.<\/h2>\n\n\n\n<p>Cuando est\u00e9 listo para agregar m\u00e1s dispositivos, simplemente haga clic en cualquier bot\u00f3n Agregar sistema fotovoltaico y ser\u00e1 redirigido autom\u00e1ticamente a la p\u00e1gina de confirmaci\u00f3n. Use PayPal para suscribirse y siga agregando tantos sistemas fotovoltaicos como necesite. \u00a1El cielo es el limite!<\/p>\n\n\n\n<p class=\"has-small-font-size\">*Todas las suscripciones se procesan de forma segura a trav\u00e9s de PayPal. Smart-Sun no maneja ninguna informaci\u00f3n bancaria. Usted puede cancelar su suscripci\u00f3n en cualquier momento.<\/p>\n\n\n\n<figure class=\"wp-block-image size-full\"><img loading=\"lazy\" decoding=\"async\" width=\"600\" height=\"600\" src=\"https:\/\/smart-sun.net\/es\/wp-content\/uploads\/2022\/11\/2-3.png\" alt=\"\" class=\"wp-image-164\" srcset=\"https:\/\/smart-sun.net\/es\/wp-content\/uploads\/2022\/11\/2-3.png 600w, https:\/\/smart-sun.net\/es\/wp-content\/uploads\/2022\/11\/2-3-300x300.png 300w, https:\/\/smart-sun.net\/es\/wp-content\/uploads\/2022\/11\/2-3-150x150.png 150w\" sizes=\"auto, (max-width: 600px) 100vw, 600px\" \/><\/figure>\n\n\n\n<div class=\"wp-block-buttons is-content-justification-center is-layout-flex wp-container-core-buttons-is-layout-16018d1d wp-block-buttons-is-layout-flex\">\n<div class=\"wp-block-button\"><a class=\"wp-block-button__link has-background wp-element-button\" href=\"https:\/\/smart-ui.net\/register\/7\/\" style=\"border-radius:10px;background-color:#3b7ab4\">Comienza Gratis<\/a><\/div>\n<\/div>\n\n\n\n<!-- Google tag (gtag.js) -->\n<script async=\"\" src=\"https:\/\/www.googletagmanager.com\/gtag\/js?id=G-B6SD1BS36P\"><\/script>\n<script>\n  window.dataLayer = window.dataLayer || [];\n  function gtag(){dataLayer.push(arguments);}\n  gtag('js', new Date());\n\n  gtag('config', 'G-B6SD1BS36P');\n<\/script>\n","protected":false},"excerpt":{"rendered":"<p>Smart-Sun recopila los datos de sus sistemas de monitoreo cada hora, para todos sus inversores y los analiza de manera autom\u00e1tica. Despu\u00e9s del procesamiento de datos, la informaci\u00f3n relevante se organiza y presenta para que pueda tomar las mejores decisiones para su Negocio y Clientes. Con ello, la plataforma le permite identificar en segundos aquellos [&hellip;]<\/p>\n","protected":false},"author":1,"featured_media":0,"parent":0,"menu_order":0,"comment_status":"closed","ping_status":"closed","template":"","meta":{"footnotes":""},"class_list":["post-115","page","type-page","status-publish","hentry"],"_links":{"self":[{"href":"https:\/\/smart-sun.net\/es\/index.php\/wp-json\/wp\/v2\/pages\/115","targetHints":{"allow":["GET"]}}],"collection":[{"href":"https:\/\/smart-sun.net\/es\/index.php\/wp-json\/wp\/v2\/pages"}],"about":[{"href":"https:\/\/smart-sun.net\/es\/index.php\/wp-json\/wp\/v2\/types\/page"}],"author":[{"embeddable":true,"href":"https:\/\/smart-sun.net\/es\/index.php\/wp-json\/wp\/v2\/users\/1"}],"replies":[{"embeddable":true,"href":"https:\/\/smart-sun.net\/es\/index.php\/wp-json\/wp\/v2\/comments?post=115"}],"version-history":[{"count":11,"href":"https:\/\/smart-sun.net\/es\/index.php\/wp-json\/wp\/v2\/pages\/115\/revisions"}],"predecessor-version":[{"id":445,"href":"https:\/\/smart-sun.net\/es\/index.php\/wp-json\/wp\/v2\/pages\/115\/revisions\/445"}],"wp:attachment":[{"href":"https:\/\/smart-sun.net\/es\/index.php\/wp-json\/wp\/v2\/media?parent=115"}],"curies":[{"name":"wp","href":"https:\/\/api.w.org\/{rel}","templated":true}]}}